{"id":20,"date":"2023-06-22T11:00:54","date_gmt":"2023-06-22T11:00:54","guid":{"rendered":"https:\/\/blog.laterbuy.app\/index.php\/about\/"},"modified":"2023-06-22T11:00:54","modified_gmt":"2023-06-22T11:00:54","slug":"about","status":"publish","type":"page","link":"https:\/\/blog.laterbuy.app\/sv\/om\/","title":{"rendered":"Om oss"},"content":{"rendered":"<p>V\u00e4lkommen till v\u00e5r nya blogg, d\u00e4r vi str\u00e4var efter att ge dig de senaste och b\u00e4sta produkterna som har f\u00e5ngat v\u00e5ra hj\u00e4rtan. Vi \u00e4r dedikerade till att sammanst\u00e4lla topplistor och dela v\u00e5ra favoritfynd med dig.<\/p>\n<h3 id=\"the-ultimate-wishlist-and-shopping-tool-save-products-from-any-online-retailer\">Den ultimata \u00f6nskelistan och shoppingverktyget: Spara produkter fr\u00e5n alla online-\u00e5terf\u00f6rs\u00e4ljare<\/h3>\n<p>P\u00e5 Laterbuy har vi utvecklat den ultimata \u00f6nskelistan och shoppingverktyget som g\u00f6r att du kan spara produkter fr\u00e5n alla online-\u00e5terf\u00f6rs\u00e4ljare. Med v\u00e5rt chrome-till\u00e4gg har det aldrig varit enklare att organisera dina favoritartiklar fr\u00e5n olika webbplatser. L\u00e4gg bara till Laterbuy i din webbl\u00e4sare, och inom n\u00e5gra sekunder kan du b\u00f6rja spara dina mest uppskattade artiklar p\u00e5 ett bekv\u00e4mt st\u00e4lle. <\/p>\n<h3 id=\"seamlessly-organize-your-favorite-items-with-laterbuys-chrome-extension\">Organisera dina favoritartiklar s\u00f6ml\u00f6st med Laterbuys Chrome-till\u00e4gg<\/h3>\n<p>V\u00e5rt uppdrag \u00e4r enkelt: spara nu, k\u00f6p senare. N\u00e4r du st\u00f6ter p\u00e5 n\u00e5got du \u00e4lskar men inte \u00e4r redo att k\u00f6pa, spara det bara till Laterbuy. Vi f\u00f6rst\u00e5r att dina favoritm\u00e4rken och online-\u00e5terf\u00f6rs\u00e4ljare \u00e4r spridda \u00f6ver det stora digitala landskapet. Det \u00e4r d\u00e4rf\u00f6r v\u00e5rt till\u00e4gg fungerar s\u00f6ml\u00f6st med \u00f6ver 100 000 av v\u00e4rldens mest popul\u00e4ra onlinebutiker, vilket s\u00e4kerst\u00e4ller att du kan spara varor fr\u00e5n alla dina shoppingdestinationer. <\/p>\n<h3 id=\"one-place-easy-access-keep-your-saved-items-organized-with-laterbuy\">En plats, enkel \u00e5tkomst: H\u00e5ll dina sparade objekt organiserade med Laterbuy<\/h3>\n<p>T\u00e4nk dig att ha allt du har sparat p\u00e5 ett st\u00e4lle. Med Laterbuy kan du komma \u00e5t alla dina sparade objekt, s\u00e5 att du kan h\u00e5lla dig organiserad och aldrig tappa bort vad som f\u00e5ngade ditt \u00f6ga. Oavsett om det \u00e4r det snygga paret skor, den senaste tekniska prylen eller ett m\u00e5ste-ha heminredningsobjekt, kan du h\u00e5lla dem alla till hands.<\/p>\n<h3 id=\"customize-your-wishlist-experience-with-laterbuys-features\">Anpassa din upplevelse av \u00f6nskelistan med Laterbuys funktioner<\/h3>\n<p>Att skapa och anpassa \u00f6nskelistor \u00e4r en barnlek med Laterbuy. Du har friheten att kategorisera dina sparade objekt, \u00e4ndra deras status och till och med markera dem som k\u00f6pta n\u00e4r du har tagit in dem i ditt liv. Denna niv\u00e5 av personalisering s\u00e4kerst\u00e4ller att din \u00f6nskelista \u00e4r skr\u00e4ddarsydd efter dina behov och preferenser...<\/p>\n<h3 id=\"join-us-on-the-journey-of-discovering-new-favorites-with-laterbuy\">F\u00f6lj med oss p\u00e5 resan f\u00f6r att uppt\u00e4cka nya favoriter med Laterbuy<\/h3>\n<p>Vi \u00e4r glada \u00f6ver att ha dig med oss p\u00e5 denna resa d\u00e4r du uppt\u00e4cker nya favoriter och bygger \u00f6nskelistor som speglar din unika stil. S\u00e5 varf\u00f6r v\u00e4nta? B\u00f6rja utforska och spara dina dr\u00f6mprodukter med Laterbuy idag. Tillsammans kan vi f\u00f6rvandla din \u00f6nskelista till verklighet.<\/p>","protected":false},"excerpt":{"rendered":"<p>V\u00e4lkommen till v\u00e5r nya blogg, d\u00e4r vi str\u00e4var efter att ge dig de senaste och b\u00e4sta produkterna som har f\u00e5ngat v\u00e5ra hj\u00e4rtan. Vi \u00e4r dedikerade till att sammanst\u00e4lla topplistor och dela v\u00e5ra favoritfynd med dig. Den ultimata \u00f6nskelistan och shoppingverktyget: Spara produkter fr\u00e5n alla online-\u00e5terf\u00f6rs\u00e4ljare P\u00e5 Laterbuy har vi utvecklat den ultimata \u00f6nskelistan [...]<\/p>","protected":false},"author":1,"featured_media":10,"parent":0,"menu_order":0,"comment_status":"closed","ping_status":"closed","template":"","meta":{"footnotes":""},"yoast_head":"<!-- This site is optimized with the Yoast SEO plugin v22.4 - https:\/\/yoast.com\/wordpress\/plugins\/seo\/ -->\n<title>About us - Laterbuy wishlist &amp; shopping blog<\/title>\n<meta name=\"robots\" content=\"index, follow, max-snippet:-1, max-image-preview:large, max-video-preview:-1\" \/>\n<link rel=\"canonical\" href=\"https:\/\/blog.laterbuy.app\/sv\/om\/\" \/>\n<meta property=\"og:locale\" content=\"sv_SE\" \/>\n<meta property=\"og:type\" content=\"article\" \/>\n<meta property=\"og:title\" content=\"About us - Laterbuy wishlist &amp; shopping blog\" \/>\n<meta property=\"og:description\" content=\"Welcome to our new blog, where we strive to bring you the latest and greatest products that have captured our hearts. We are dedicated to curating top listings and sharing our favorite finds with you. The Ultimate Wishlist and Shopping Tool: Save Products from Any Online Retailer At Laterbuy, we have developed the ultimate wishlist [&hellip;]\" \/>\n<meta property=\"og:url\" content=\"https:\/\/blog.laterbuy.app\/sv\/om\/\" \/>\n<meta property=\"og:site_name\" content=\"Laterbuy wishlist &amp; shopping blog\" \/>\n<meta property=\"og:image\" content=\"https:\/\/blog.laterbuy.app\/wp-content\/uploads\/2023\/06\/photo-1557804506-669a67965ba0.jpg\" \/>\n\t<meta property=\"og:image:width\" content=\"2000\" \/>\n\t<meta property=\"og:image:height\" content=\"1500\" \/>\n\t<meta property=\"og:image:type\" content=\"image\/jpeg\" \/>\n<meta name=\"twitter:card\" content=\"summary_large_image\" \/>\n<meta name=\"twitter:label1\" content=\"Ber\u00e4knad l\u00e4stid\" \/>\n\t<meta name=\"twitter:data1\" content=\"2 minuter\" \/>\n<script type=\"application\/ld+json\" class=\"yoast-schema-graph\">{\"@context\":\"https:\/\/schema.org\",\"@graph\":[{\"@type\":\"WebPage\",\"@id\":\"https:\/\/blog.laterbuy.app\/about\/\",\"url\":\"https:\/\/blog.laterbuy.app\/about\/\",\"name\":\"About us - Laterbuy wishlist &amp; shopping blog\",\"isPartOf\":{\"@id\":\"https:\/\/blog.laterbuy.app\/#website\"},\"primaryImageOfPage\":{\"@id\":\"https:\/\/blog.laterbuy.app\/about\/#primaryimage\"},\"image\":{\"@id\":\"https:\/\/blog.laterbuy.app\/about\/#primaryimage\"},\"thumbnailUrl\":\"https:\/\/blog.laterbuy.app\/wp-content\/uploads\/2023\/06\/photo-1557804506-669a67965ba0.jpg\",\"datePublished\":\"2023-06-22T11:00:54+00:00\",\"dateModified\":\"2023-06-22T11:00:54+00:00\",\"breadcrumb\":{\"@id\":\"https:\/\/blog.laterbuy.app\/about\/#breadcrumb\"},\"inLanguage\":\"sv-SE\",\"potentialAction\":[{\"@type\":\"ReadAction\",\"target\":[\"https:\/\/blog.laterbuy.app\/about\/\"]}]},{\"@type\":\"ImageObject\",\"inLanguage\":\"sv-SE\",\"@id\":\"https:\/\/blog.laterbuy.app\/about\/#primaryimage\",\"url\":\"https:\/\/blog.laterbuy.app\/wp-content\/uploads\/2023\/06\/photo-1557804506-669a67965ba0.jpg\",\"contentUrl\":\"https:\/\/blog.laterbuy.app\/wp-content\/uploads\/2023\/06\/photo-1557804506-669a67965ba0.jpg\",\"width\":2000,\"height\":1500},{\"@type\":\"BreadcrumbList\",\"@id\":\"https:\/\/blog.laterbuy.app\/about\/#breadcrumb\",\"itemListElement\":[{\"@type\":\"ListItem\",\"position\":1,\"name\":\"Home\",\"item\":\"https:\/\/blog.laterbuy.app\/\"},{\"@type\":\"ListItem\",\"position\":2,\"name\":\"About us\"}]},{\"@type\":\"WebSite\",\"@id\":\"https:\/\/blog.laterbuy.app\/#website\",\"url\":\"https:\/\/blog.laterbuy.app\/\",\"name\":\"Laterbuy wishlist &amp; shopping blog\",\"description\":\"Access Everything In One Place. Keep all your saved items for you in one place so that you can stay organised.\",\"potentialAction\":[{\"@type\":\"SearchAction\",\"target\":{\"@type\":\"EntryPoint\",\"urlTemplate\":\"https:\/\/blog.laterbuy.app\/?s={search_term_string}\"},\"query-input\":\"required name=search_term_string\"}],\"inLanguage\":\"sv-SE\"}]}<\/script>\n<!-- \/ Yoast SEO plugin. -->","yoast_head_json":{"title":"About us - Laterbuy wishlist &amp; shopping blog","robots":{"index":"index","follow":"follow","max-snippet":"max-snippet:-1","max-image-preview":"max-image-preview:large","max-video-preview":"max-video-preview:-1"},"canonical":"https:\/\/blog.laterbuy.app\/sv\/om\/","og_locale":"sv_SE","og_type":"article","og_title":"About us - Laterbuy wishlist &amp; shopping blog","og_description":"Welcome to our new blog, where we strive to bring you the latest and greatest products that have captured our hearts. We are dedicated to curating top listings and sharing our favorite finds with you. The Ultimate Wishlist and Shopping Tool: Save Products from Any Online Retailer At Laterbuy, we have developed the ultimate wishlist [&hellip;]","og_url":"https:\/\/blog.laterbuy.app\/sv\/om\/","og_site_name":"Laterbuy wishlist &amp; shopping blog","og_image":[{"width":2000,"height":1500,"url":"https:\/\/blog.laterbuy.app\/wp-content\/uploads\/2023\/06\/photo-1557804506-669a67965ba0.jpg","type":"image\/jpeg"}],"twitter_card":"summary_large_image","twitter_misc":{"Ber\u00e4knad l\u00e4stid":"2 minuter"},"schema":{"@context":"https:\/\/schema.org","@graph":[{"@type":"WebPage","@id":"https:\/\/blog.laterbuy.app\/about\/","url":"https:\/\/blog.laterbuy.app\/about\/","name":"About us - Laterbuy wishlist &amp; shopping blog","isPartOf":{"@id":"https:\/\/blog.laterbuy.app\/#website"},"primaryImageOfPage":{"@id":"https:\/\/blog.laterbuy.app\/about\/#primaryimage"},"image":{"@id":"https:\/\/blog.laterbuy.app\/about\/#primaryimage"},"thumbnailUrl":"https:\/\/blog.laterbuy.app\/wp-content\/uploads\/2023\/06\/photo-1557804506-669a67965ba0.jpg","datePublished":"2023-06-22T11:00:54+00:00","dateModified":"2023-06-22T11:00:54+00:00","breadcrumb":{"@id":"https:\/\/blog.laterbuy.app\/about\/#breadcrumb"},"inLanguage":"sv-SE","potentialAction":[{"@type":"ReadAction","target":["https:\/\/blog.laterbuy.app\/about\/"]}]},{"@type":"ImageObject","inLanguage":"sv-SE","@id":"https:\/\/blog.laterbuy.app\/about\/#primaryimage","url":"https:\/\/blog.laterbuy.app\/wp-content\/uploads\/2023\/06\/photo-1557804506-669a67965ba0.jpg","contentUrl":"https:\/\/blog.laterbuy.app\/wp-content\/uploads\/2023\/06\/photo-1557804506-669a67965ba0.jpg","width":2000,"height":1500},{"@type":"BreadcrumbList","@id":"https:\/\/blog.laterbuy.app\/about\/#breadcrumb","itemListElement":[{"@type":"ListItem","position":1,"name":"Home","item":"https:\/\/blog.laterbuy.app\/"},{"@type":"ListItem","position":2,"name":"About us"}]},{"@type":"WebSite","@id":"https:\/\/blog.laterbuy.app\/#website","url":"https:\/\/blog.laterbuy.app\/","name":"Laterbuy wishlist &amp; shopping blog","description":"Access Everything In One Place. Keep all your saved items for you in one place so that you can stay organised.","potentialAction":[{"@type":"SearchAction","target":{"@type":"EntryPoint","urlTemplate":"https:\/\/blog.laterbuy.app\/?s={search_term_string}"},"query-input":"required name=search_term_string"}],"inLanguage":"sv-SE"}]}},"_links":{"self":[{"href":"https:\/\/blog.laterbuy.app\/sv\/wp-json\/wp\/v2\/pages\/20"}],"collection":[{"href":"https:\/\/blog.laterbuy.app\/sv\/wp-json\/wp\/v2\/pages"}],"about":[{"href":"https:\/\/blog.laterbuy.app\/sv\/wp-json\/wp\/v2\/types\/page"}],"author":[{"embeddable":true,"href":"https:\/\/blog.laterbuy.app\/sv\/wp-json\/wp\/v2\/users\/1"}],"replies":[{"embeddable":true,"href":"https:\/\/blog.laterbuy.app\/sv\/wp-json\/wp\/v2\/comments?post=20"}],"version-history":[{"count":0,"href":"https:\/\/blog.laterbuy.app\/sv\/wp-json\/wp\/v2\/pages\/20\/revisions"}],"wp:featuredmedia":[{"embeddable":true,"href":"https:\/\/blog.laterbuy.app\/sv\/wp-json\/wp\/v2\/media\/10"}],"wp:attachment":[{"href":"https:\/\/blog.laterbuy.app\/sv\/wp-json\/wp\/v2\/media?parent=20"}],"curies":[{"name":"wp","href":"https:\/\/api.w.org\/{rel}","templated":true}]}}